{"id":2088,"date":"2017-11-23T11:27:27","date_gmt":"2017-11-23T15:27:27","guid":{"rendered":"https:\/\/www.limperatricehotel.fr\/service-traiteur\/"},"modified":"2025-02-11T11:19:48","modified_gmt":"2025-02-11T15:19:48","slug":"service-traiteur","status":"publish","type":"page","link":"https:\/\/www.limperatricehotel.fr\/es\/service-traiteur\/","title":{"rendered":"SERVICIO DE CATERING"},"content":{"rendered":"<div class=\"wpb-content-wrapper\"><p>[vc_row el_class=\u00bbsection-header\u00bb][vc_column][vc_column_text]<\/p>\n<h1 class=\"h2\" style=\"text-transform: uppercase; text-align: center;\">Servicio de catering<\/h1>\n<p style=\"text-align: center;\">Desde hace m\u00e1s de 30 a\u00f1os, l&#8217;Imp\u00e9ratrice traiteur organiza sus recepciones, c\u00f3cteles, comidas de negocios, banquetes, bodas&#8230; in situ o en el lugar que usted elija.<\/p>\n<p style=\"text-align: center;\">\u00bfDesea celebrar una boda en la m\u00e1s pura tradici\u00f3n martiniquesa o dar a conocer nuestra gastronom\u00eda a sus socios comerciales?<\/p>\n<p style=\"text-align: center;\">\u00bfO prefiere evadirse con una comida tem\u00e1tica ex\u00f3tica?<\/p>\n<p style=\"text-align: center;\">Nuestro servicio de catering se adapta a todas sus peticiones, ofreci\u00e9ndole servicios personalizados que respetan sus necesidades, preferencias y presupuesto.<\/p>\n<p style=\"text-align: center;\">Desde hace muchos a\u00f1os, la calidad de nuestra cocina y nuestra reconocida experiencia definen el car\u00e1cter de nuestros servicios.<\/p>\n<p>&nbsp;<\/p>\n<p>[\/vc_column_text][\/vc_column][\/vc_row][vc_row full_width=\u00bbstretch_row\u00bb css=\u00bb.vc_custom_1511451976737{background-color: #009788 !important;}\u00bb][vc_column][vc_empty_space height=\u00bb40px\u00bb][vc_custom_heading text=\u00bbDescubra nuestra oferta de restauraci\u00f3n\u00bb font_container=\u00bbtag:h2|font_size:26px|text_align:center|color:%23ffffff|line_height:30px\u00bb google_fonts=\u00bbfont_family:Spinnaker%3Aregular|font_style:400%20regular%3A400%3Anormal\u00bb][vc_empty_space height=\u00bb30px\u00bb][vc_btn title=\u00bbM\u00e1s informaci\u00f3n\u00bb color=\u00bbwarning\u00bb align=\u00bbcenter\u00bb link=\u00bburl:https%3A%2F%2Fwww.limperatricehotel.fr%2Fes%2Fcontact%2F|\u00bb css=\u00bb.vc_custom_1511466138562{padding-right: 50px !important;padding-left: 50px !important;}\u00bb][vc_empty_space height=\u00bb50px\u00bb][\/vc_column][\/vc_row][vc_row content_placement=\u00bbmiddle\u00bb css=\u00bb.vc_custom_1513175134967{padding-top: 45px !important;}\u00bb][vc_column offset=\u00bbvc_col-lg-5 vc_col-md-5&#8243;][vc_column_text]<script>\n jQuery(window).load(function($) { \n\r\n\t\t\t\t\t\tthemo_start_flex_slider('#L92ORi', 'slide', 'swing',\r\n\t\t\t\t\t\t\ttrue, true, 4000, 550,\r\n\t\t\t\t\t\t\tfalse, true, true, true ); \n\r\n\t\t\t\t\t\t}); \n\r\n\t\t\t\t\t<\/script>\n<div id='L92ORi' class='flexslider gallery' style=''><ul class='slides'><li><a href='https:\/\/www.limperatricehotel.fr\/wp-content\/uploads\/2017\/12\/service-traiteur-3.jpg' data-toggle='lightbox' data-gallery='multiimages'><img src='https:\/\/www.limperatricehotel.fr\/wp-content\/uploads\/2017\/12\/service-traiteur-3.jpg'  \/><\/a><\/li><li><a href='https:\/\/www.limperatricehotel.fr\/wp-content\/uploads\/2017\/12\/service-traiteur-2.jpg' data-toggle='lightbox' data-gallery='multiimages'><img src='https:\/\/www.limperatricehotel.fr\/wp-content\/uploads\/2017\/12\/service-traiteur-2.jpg'  \/><\/a><\/li><li><a href='https:\/\/www.limperatricehotel.fr\/wp-content\/uploads\/2017\/12\/service-traiteur-1-1.jpg' data-toggle='lightbox' data-gallery='multiimages'><img src='https:\/\/www.limperatricehotel.fr\/wp-content\/uploads\/2017\/12\/service-traiteur-1-1.jpg'  \/><\/a><\/li><\/ul><!--  END FLEX UL --><\/div><!--  END FLEX DIV -->[\/vc_column_text][\/vc_column][vc_column offset=\u00bbvc_col-lg-7 vc_col-md-7&#8243;]<div id=\"mpc_icon_list-1469f9f18ba47c0\" class=\"mpc-icon-list mpc-init mpc-icon--left mpc-typography--mpc_preset_57 Spinnaker\"><ul class=\"mpc-list__ul\"><li class=\"mpc-list__item mpc-parent-hover mpc-transition\" data-index=\"0\"><div class=\"mpc-list__icon\"><div data-id=\"mpc_icon-6869f9f18ba4802\" class=\"mpc-icon mpc-init mpc-transition mpc-effect-fade mpc-icon-hover \"><div class=\"mpc-icon-wrap\"><i class=\"mpc-icon-part mpc-regular mpc-transition  fa fa-check\"><\/i><i class=\"mpc-icon-part mpc-hover mpc-transition  fa fa-check\"><\/i><\/div><\/div><\/div><span class=\"mpc-list__title\">Desayunos de negocios continentales o tradicionales<\/span><\/li><li class=\"mpc-list__item mpc-parent-hover mpc-transition\" data-index=\"1\"><div class=\"mpc-list__icon\"><div data-id=\"mpc_icon-6869f9f18ba4802\" class=\"mpc-icon mpc-init mpc-transition mpc-effect-fade mpc-icon-hover \"><div class=\"mpc-icon-wrap\"><i class=\"mpc-icon-part mpc-regular mpc-transition  fa fa-check\"><\/i><i class=\"mpc-icon-part mpc-hover mpc-transition  fa fa-check\"><\/i><\/div><\/div><\/div><span class=\"mpc-list__title\">C\u00f3cteles del mundo o c\u00f3cteles criollos, nos adaptamos a tus deseos y necesidades.<\/span><\/li><li class=\"mpc-list__item mpc-parent-hover mpc-transition\" data-index=\"2\"><div class=\"mpc-list__icon\"><div data-id=\"mpc_icon-6869f9f18ba4802\" class=\"mpc-icon mpc-init mpc-transition mpc-effect-fade mpc-icon-hover \"><div class=\"mpc-icon-wrap\"><i class=\"mpc-icon-part mpc-regular mpc-transition  fa fa-check\"><\/i><i class=\"mpc-icon-part mpc-hover mpc-transition  fa fa-check\"><\/i><\/div><\/div><\/div><span class=\"mpc-list__title\">Conf\u00edanos la organizaci\u00f3n de tus comidas en grupo y los eventos importantes de tu vida.<\/span><\/li><\/ul><\/div>[\/vc_column][\/vc_row]<\/p>\n<\/div>","protected":false},"excerpt":{"rendered":"<p>[vc_row el_class=\u00bbsection-header\u00bb][vc_column][vc_column_text] Servicio de catering Desde hace m\u00e1s de 30 a\u00f1os, l&#8217;Imp\u00e9ratrice traiteur organiza sus recepciones, c\u00f3cteles, comidas de negocios, banquetes, bodas&#8230; in situ o en el lugar que usted elija. \u00bfDesea celebrar una boda en la m\u00e1s pura tradici\u00f3n<\/p>\n","protected":false},"author":1,"featured_media":0,"parent":0,"menu_order":0,"comment_status":"closed","ping_status":"closed","template":"","meta":{"_acf_changed":false,"footnotes":""},"class_list":["post-2088","page","type-page","status-publish","hentry"],"acf":[],"yoast_head":"<!-- This site is optimized with the Yoast SEO plugin v23.7 - https:\/\/yoast.com\/wordpress\/plugins\/seo\/ -->\n<title>SERVICIO DE CATERING &#8226; H\u00f4tel l&#039;Imp\u00e9ratrice<\/title>\n<meta name=\"robots\" content=\"index, follow, max-snippet:-1, max-image-preview:large, max-video-preview:-1\" \/>\n<link rel=\"canonical\" href=\"https:\/\/www.limperatricehotel.fr\/es\/service-traiteur\/\" \/>\n<meta property=\"og:locale\" content=\"es_ES\" \/>\n<meta property=\"og:type\" content=\"article\" \/>\n<meta property=\"og:title\" content=\"SERVICIO DE CATERING &#8226; H\u00f4tel l&#039;Imp\u00e9ratrice\" \/>\n<meta property=\"og:description\" content=\"[vc_row el_class=\u00bbsection-header\u00bb][vc_column][vc_column_text] Servicio de catering Desde hace m\u00e1s de 30 a\u00f1os, l&#8217;Imp\u00e9ratrice traiteur organiza sus recepciones, c\u00f3cteles, comidas de negocios, banquetes, bodas&#8230; in situ o en el lugar que usted elija. \u00bfDesea celebrar una boda en la m\u00e1s pura tradici\u00f3n\" \/>\n<meta property=\"og:url\" content=\"https:\/\/www.limperatricehotel.fr\/es\/service-traiteur\/\" \/>\n<meta property=\"og:site_name\" content=\"H\u00f4tel l&#039;Imp\u00e9ratrice\" \/>\n<meta property=\"article:publisher\" content=\"https:\/\/www.facebook.com\/hotelimperatrice\/\" \/>\n<meta property=\"article:modified_time\" content=\"2025-02-11T15:19:48+00:00\" \/>\n<meta name=\"twitter:card\" content=\"summary_large_image\" \/>\n<meta name=\"twitter:label1\" content=\"Tiempo de lectura\" \/>\n\t<meta name=\"twitter:data1\" content=\"2 minutos\" \/>\n<script type=\"application\/ld+json\" class=\"yoast-schema-graph\">{\"@context\":\"https:\/\/schema.org\",\"@graph\":[{\"@type\":\"WebPage\",\"@id\":\"https:\/\/www.limperatricehotel.fr\/es\/service-traiteur\/\",\"url\":\"https:\/\/www.limperatricehotel.fr\/es\/service-traiteur\/\",\"name\":\"SERVICIO DE CATERING &#8226; H\u00f4tel l&#039;Imp\u00e9ratrice\",\"isPartOf\":{\"@id\":\"https:\/\/www.limperatricehotel.fr\/es\/#website\"},\"datePublished\":\"2017-11-23T15:27:27+00:00\",\"dateModified\":\"2025-02-11T15:19:48+00:00\",\"breadcrumb\":{\"@id\":\"https:\/\/www.limperatricehotel.fr\/es\/service-traiteur\/#breadcrumb\"},\"inLanguage\":\"es\",\"potentialAction\":[{\"@type\":\"ReadAction\",\"target\":[\"https:\/\/www.limperatricehotel.fr\/es\/service-traiteur\/\"]}]},{\"@type\":\"BreadcrumbList\",\"@id\":\"https:\/\/www.limperatricehotel.fr\/es\/service-traiteur\/#breadcrumb\",\"itemListElement\":[{\"@type\":\"ListItem\",\"position\":1,\"name\":\"Accueil\",\"item\":\"https:\/\/www.limperatricehotel.fr\/es\/\"},{\"@type\":\"ListItem\",\"position\":2,\"name\":\"SERVICIO DE CATERING\"}]},{\"@type\":\"WebSite\",\"@id\":\"https:\/\/www.limperatricehotel.fr\/es\/#website\",\"url\":\"https:\/\/www.limperatricehotel.fr\/es\/\",\"name\":\"H\u00f4tel l&#039;Imp\u00e9ratrice\",\"description\":\"\",\"publisher\":{\"@id\":\"https:\/\/www.limperatricehotel.fr\/es\/#organization\"},\"potentialAction\":[{\"@type\":\"SearchAction\",\"target\":{\"@type\":\"EntryPoint\",\"urlTemplate\":\"https:\/\/www.limperatricehotel.fr\/es\/?s={search_term_string}\"},\"query-input\":{\"@type\":\"PropertyValueSpecification\",\"valueRequired\":true,\"valueName\":\"search_term_string\"}}],\"inLanguage\":\"es\"},{\"@type\":\"Organization\",\"@id\":\"https:\/\/www.limperatricehotel.fr\/es\/#organization\",\"name\":\"H\u00f4tel l'Imp\u00e9ratrice\",\"url\":\"https:\/\/www.limperatricehotel.fr\/es\/\",\"logo\":{\"@type\":\"ImageObject\",\"inLanguage\":\"es\",\"@id\":\"https:\/\/www.limperatricehotel.fr\/es\/#\/schema\/logo\/image\/\",\"url\":\"https:\/\/www.limperatricehotel.fr\/wp-content\/uploads\/2017\/04\/imperatrice-logo-couleur-2017-12.png\",\"contentUrl\":\"https:\/\/www.limperatricehotel.fr\/wp-content\/uploads\/2017\/04\/imperatrice-logo-couleur-2017-12.png\",\"width\":155,\"height\":60,\"caption\":\"H\u00f4tel l'Imp\u00e9ratrice\"},\"image\":{\"@id\":\"https:\/\/www.limperatricehotel.fr\/es\/#\/schema\/logo\/image\/\"},\"sameAs\":[\"https:\/\/www.facebook.com\/hotelimperatrice\/\"]}]}<\/script>\n<!-- \/ Yoast SEO plugin. -->","yoast_head_json":{"title":"SERVICIO DE CATERING &#8226; H\u00f4tel l&#039;Imp\u00e9ratrice","robots":{"index":"index","follow":"follow","max-snippet":"max-snippet:-1","max-image-preview":"max-image-preview:large","max-video-preview":"max-video-preview:-1"},"canonical":"https:\/\/www.limperatricehotel.fr\/es\/service-traiteur\/","og_locale":"es_ES","og_type":"article","og_title":"SERVICIO DE CATERING &#8226; H\u00f4tel l&#039;Imp\u00e9ratrice","og_description":"[vc_row el_class=\u00bbsection-header\u00bb][vc_column][vc_column_text] Servicio de catering Desde hace m\u00e1s de 30 a\u00f1os, l&#8217;Imp\u00e9ratrice traiteur organiza sus recepciones, c\u00f3cteles, comidas de negocios, banquetes, bodas&#8230; in situ o en el lugar que usted elija. \u00bfDesea celebrar una boda en la m\u00e1s pura tradici\u00f3n","og_url":"https:\/\/www.limperatricehotel.fr\/es\/service-traiteur\/","og_site_name":"H\u00f4tel l&#039;Imp\u00e9ratrice","article_publisher":"https:\/\/www.facebook.com\/hotelimperatrice\/","article_modified_time":"2025-02-11T15:19:48+00:00","twitter_card":"summary_large_image","twitter_misc":{"Tiempo de lectura":"2 minutos"},"schema":{"@context":"https:\/\/schema.org","@graph":[{"@type":"WebPage","@id":"https:\/\/www.limperatricehotel.fr\/es\/service-traiteur\/","url":"https:\/\/www.limperatricehotel.fr\/es\/service-traiteur\/","name":"SERVICIO DE CATERING &#8226; H\u00f4tel l&#039;Imp\u00e9ratrice","isPartOf":{"@id":"https:\/\/www.limperatricehotel.fr\/es\/#website"},"datePublished":"2017-11-23T15:27:27+00:00","dateModified":"2025-02-11T15:19:48+00:00","breadcrumb":{"@id":"https:\/\/www.limperatricehotel.fr\/es\/service-traiteur\/#breadcrumb"},"inLanguage":"es","potentialAction":[{"@type":"ReadAction","target":["https:\/\/www.limperatricehotel.fr\/es\/service-traiteur\/"]}]},{"@type":"BreadcrumbList","@id":"https:\/\/www.limperatricehotel.fr\/es\/service-traiteur\/#breadcrumb","itemListElement":[{"@type":"ListItem","position":1,"name":"Accueil","item":"https:\/\/www.limperatricehotel.fr\/es\/"},{"@type":"ListItem","position":2,"name":"SERVICIO DE CATERING"}]},{"@type":"WebSite","@id":"https:\/\/www.limperatricehotel.fr\/es\/#website","url":"https:\/\/www.limperatricehotel.fr\/es\/","name":"H\u00f4tel l&#039;Imp\u00e9ratrice","description":"","publisher":{"@id":"https:\/\/www.limperatricehotel.fr\/es\/#organization"},"potentialAction":[{"@type":"SearchAction","target":{"@type":"EntryPoint","urlTemplate":"https:\/\/www.limperatricehotel.fr\/es\/?s={search_term_string}"},"query-input":{"@type":"PropertyValueSpecification","valueRequired":true,"valueName":"search_term_string"}}],"inLanguage":"es"},{"@type":"Organization","@id":"https:\/\/www.limperatricehotel.fr\/es\/#organization","name":"H\u00f4tel l'Imp\u00e9ratrice","url":"https:\/\/www.limperatricehotel.fr\/es\/","logo":{"@type":"ImageObject","inLanguage":"es","@id":"https:\/\/www.limperatricehotel.fr\/es\/#\/schema\/logo\/image\/","url":"https:\/\/www.limperatricehotel.fr\/wp-content\/uploads\/2017\/04\/imperatrice-logo-couleur-2017-12.png","contentUrl":"https:\/\/www.limperatricehotel.fr\/wp-content\/uploads\/2017\/04\/imperatrice-logo-couleur-2017-12.png","width":155,"height":60,"caption":"H\u00f4tel l'Imp\u00e9ratrice"},"image":{"@id":"https:\/\/www.limperatricehotel.fr\/es\/#\/schema\/logo\/image\/"},"sameAs":["https:\/\/www.facebook.com\/hotelimperatrice\/"]}]}},"_links":{"self":[{"href":"https:\/\/www.limperatricehotel.fr\/es\/wp-json\/wp\/v2\/pages\/2088"}],"collection":[{"href":"https:\/\/www.limperatricehotel.fr\/es\/wp-json\/wp\/v2\/pages"}],"about":[{"href":"https:\/\/www.limperatricehotel.fr\/es\/wp-json\/wp\/v2\/types\/page"}],"author":[{"embeddable":true,"href":"https:\/\/www.limperatricehotel.fr\/es\/wp-json\/wp\/v2\/users\/1"}],"replies":[{"embeddable":true,"href":"https:\/\/www.limperatricehotel.fr\/es\/wp-json\/wp\/v2\/comments?post=2088"}],"version-history":[{"count":9,"href":"https:\/\/www.limperatricehotel.fr\/es\/wp-json\/wp\/v2\/pages\/2088\/revisions"}],"predecessor-version":[{"id":51700,"href":"https:\/\/www.limperatricehotel.fr\/es\/wp-json\/wp\/v2\/pages\/2088\/revisions\/51700"}],"wp:attachment":[{"href":"https:\/\/www.limperatricehotel.fr\/es\/wp-json\/wp\/v2\/media?parent=2088"}],"curies":[{"name":"wp","href":"https:\/\/api.w.org\/{rel}","templated":true}]}}